{"id":7252,"date":"2023-05-22T17:40:50","date_gmt":"2023-05-22T15:40:50","guid":{"rendered":"https:\/\/espaceconfort-fr.com\/?page_id=7249"},"modified":"2024-11-07T17:54:22","modified_gmt":"2024-11-07T16:54:22","slug":"politique-de-retour-et-remboursement","status":"publish","type":"page","link":"https:\/\/maxi-billet.com\/?page_id=7252","title":{"rendered":"Politique de Retour et Remboursement"},"content":{"rendered":"\n<p>Nous tenons \u00e0 vous informer que les billets de concert ne sont pas remboursables. Une fois la commande confirm\u00e9e, aucun remboursement ne sera effectu\u00e9, sauf en cas d&rsquo;annulation de l&rsquo;\u00e9v\u00e9nement.<\/p>\n\n\n\n<p><strong>Revente de Billets :<\/strong> Si vous ne pouvez pas assister \u00e0 l&rsquo;\u00e9v\u00e9nement, vous avez la possibilit\u00e9 de revendre vos billets. Nous vous encourageons \u00e0 le faire, car cela vous permettra de r\u00e9cup\u00e9rer une partie de votre investissement. Veuillez vous assurer que la revente se fait dans le respect des r\u00e9glementations en vigueur.<\/p>\n\n\n\n<p><strong>Envoi des Billets :<\/strong> Les billets sont envoy\u00e9s par e-mail un mois avant le concert pour des raisons de s\u00e9curit\u00e9. Si vous pr\u00e9f\u00e9rez recevoir vos billets par voie postale, n&rsquo;h\u00e9sitez pas \u00e0 nous contacter pour faire cette demande.<\/p>\n\n\n\n<p><strong>Annulation de Commande :<\/strong> Si vous changez d&rsquo;avis dans les 24 heures suivant votre commande et que celle-ci n&rsquo;a pas encore \u00e9t\u00e9 trait\u00e9e, veuillez nous en informer. Pass\u00e9 ce d\u00e9lai, les billets ne pourront pas \u00eatre rembours\u00e9s.<\/p>\n\n\n\n<p>Nous vous remercions de votre compr\u00e9hension et vous souhaitons une excellente exp\u00e9rience lors de l&rsquo;\u00e9v\u00e9nement !<\/p>\n","protected":false},"excerpt":{"rendered":"<p>Nous tenons \u00e0 vous informer que les billets de concert ne sont pas remboursables. Une fois la commande confirm\u00e9e, aucun remboursement ne sera effectu\u00e9, sauf en cas d&rsquo;annulation de l&rsquo;\u00e9v\u00e9nement. Revente de Billets : Si vous ne pouvez pas assister \u00e0 l&rsquo;\u00e9v\u00e9nement, vous avez la possibilit\u00e9 de revendre vos billets. Nous vous encourageons \u00e0 le [&hellip;]<\/p>\n","protected":false},"author":1,"featured_media":0,"parent":0,"menu_order":0,"comment_status":"closed","ping_status":"closed","template":"","meta":{"inline_featured_image":false,"footnotes":""},"class_list":["post-7252","page","type-page","status-publish","hentry"],"yoast_head":"<!-- This site is optimized with the Yoast SEO plugin v23.7 - https:\/\/yoast.com\/wordpress\/plugins\/seo\/ -->\n<title>Politique de Retour et Remboursement - Maxi Ticket<\/title>\n<meta name=\"robots\" content=\"index, follow, max-snippet:-1, max-image-preview:large, max-video-preview:-1\" \/>\n<link rel=\"canonical\" href=\"https:\/\/maroon-weasel-812520.hostingersite.com\/?page_id=7252\" \/>\n<meta property=\"og:locale\" content=\"fr_FR\" \/>\n<meta property=\"og:type\" content=\"article\" \/>\n<meta property=\"og:title\" content=\"Politique de Retour et Remboursement - Maxi Ticket\" \/>\n<meta property=\"og:description\" content=\"Nous tenons \u00e0 vous informer que les billets de concert ne sont pas remboursables. Une fois la commande confirm\u00e9e, aucun remboursement ne sera effectu\u00e9, sauf en cas d&rsquo;annulation de l&rsquo;\u00e9v\u00e9nement. Revente de Billets : Si vous ne pouvez pas assister \u00e0 l&rsquo;\u00e9v\u00e9nement, vous avez la possibilit\u00e9 de revendre vos billets. Nous vous encourageons \u00e0 le [&hellip;]\" \/>\n<meta property=\"og:url\" content=\"https:\/\/maroon-weasel-812520.hostingersite.com\/?page_id=7252\" \/>\n<meta property=\"og:site_name\" content=\"Maxi Ticket\" \/>\n<meta property=\"article:modified_time\" content=\"2024-11-07T16:54:22+00:00\" \/>\n<meta name=\"twitter:card\" content=\"summary_large_image\" \/>\n<meta name=\"twitter:label1\" content=\"Dur\u00e9e de lecture estim\u00e9e\" \/>\n\t<meta name=\"twitter:data1\" content=\"1 minute\" \/>\n<script type=\"application\/ld+json\" class=\"yoast-schema-graph\">{\"@context\":\"https:\/\/schema.org\",\"@graph\":[{\"@type\":\"WebPage\",\"@id\":\"https:\/\/maroon-weasel-812520.hostingersite.com\/?page_id=7252\",\"url\":\"https:\/\/maroon-weasel-812520.hostingersite.com\/?page_id=7252\",\"name\":\"Politique de Retour et Remboursement - Maxi Ticket\",\"isPartOf\":{\"@id\":\"https:\/\/maroon-weasel-812520.hostingersite.com\/#website\"},\"datePublished\":\"2023-05-22T15:40:50+00:00\",\"dateModified\":\"2024-11-07T16:54:22+00:00\",\"breadcrumb\":{\"@id\":\"https:\/\/maroon-weasel-812520.hostingersite.com\/?page_id=7252#breadcrumb\"},\"inLanguage\":\"fr-FR\",\"potentialAction\":[{\"@type\":\"ReadAction\",\"target\":[\"https:\/\/maroon-weasel-812520.hostingersite.com\/?page_id=7252\"]}]},{\"@type\":\"BreadcrumbList\",\"@id\":\"https:\/\/maroon-weasel-812520.hostingersite.com\/?page_id=7252#breadcrumb\",\"itemListElement\":[{\"@type\":\"ListItem\",\"position\":1,\"name\":\"Accueil\",\"item\":\"https:\/\/maxi-billet.com\/\"},{\"@type\":\"ListItem\",\"position\":2,\"name\":\"Politique de Retour et Remboursement\"}]},{\"@type\":\"WebSite\",\"@id\":\"https:\/\/maroon-weasel-812520.hostingersite.com\/#website\",\"url\":\"https:\/\/maroon-weasel-812520.hostingersite.com\/\",\"name\":\"Maxi Ticket\",\"description\":\"\",\"publisher\":{\"@id\":\"https:\/\/maroon-weasel-812520.hostingersite.com\/#organization\"},\"potentialAction\":[{\"@type\":\"SearchAction\",\"target\":{\"@type\":\"EntryPoint\",\"urlTemplate\":\"https:\/\/maroon-weasel-812520.hostingersite.com\/?s={search_term_string}\"},\"query-input\":{\"@type\":\"PropertyValueSpecification\",\"valueRequired\":true,\"valueName\":\"search_term_string\"}}],\"inLanguage\":\"fr-FR\"},{\"@type\":\"Organization\",\"@id\":\"https:\/\/maroon-weasel-812520.hostingersite.com\/#organization\",\"name\":\"Maxi Ticket\",\"url\":\"https:\/\/maroon-weasel-812520.hostingersite.com\/\",\"logo\":{\"@type\":\"ImageObject\",\"inLanguage\":\"fr-FR\",\"@id\":\"https:\/\/maroon-weasel-812520.hostingersite.com\/#\/schema\/logo\/image\/\",\"url\":\"https:\/\/maxi-billet.com\/wp-content\/uploads\/2025\/06\/cropped-maxi-ticket-1.png\",\"contentUrl\":\"https:\/\/maxi-billet.com\/wp-content\/uploads\/2025\/06\/cropped-maxi-ticket-1.png\",\"width\":1282,\"height\":299,\"caption\":\"Maxi Ticket\"},\"image\":{\"@id\":\"https:\/\/maroon-weasel-812520.hostingersite.com\/#\/schema\/logo\/image\/\"}}]}<\/script>\n<!-- \/ Yoast SEO plugin. -->","yoast_head_json":{"title":"Politique de Retour et Remboursement - Maxi Ticket","robots":{"index":"index","follow":"follow","max-snippet":"max-snippet:-1","max-image-preview":"max-image-preview:large","max-video-preview":"max-video-preview:-1"},"canonical":"https:\/\/maroon-weasel-812520.hostingersite.com\/?page_id=7252","og_locale":"fr_FR","og_type":"article","og_title":"Politique de Retour et Remboursement - Maxi Ticket","og_description":"Nous tenons \u00e0 vous informer que les billets de concert ne sont pas remboursables. Une fois la commande confirm\u00e9e, aucun remboursement ne sera effectu\u00e9, sauf en cas d&rsquo;annulation de l&rsquo;\u00e9v\u00e9nement. Revente de Billets : Si vous ne pouvez pas assister \u00e0 l&rsquo;\u00e9v\u00e9nement, vous avez la possibilit\u00e9 de revendre vos billets. Nous vous encourageons \u00e0 le [&hellip;]","og_url":"https:\/\/maroon-weasel-812520.hostingersite.com\/?page_id=7252","og_site_name":"Maxi Ticket","article_modified_time":"2024-11-07T16:54:22+00:00","twitter_card":"summary_large_image","twitter_misc":{"Dur\u00e9e de lecture estim\u00e9e":"1 minute"},"schema":{"@context":"https:\/\/schema.org","@graph":[{"@type":"WebPage","@id":"https:\/\/maroon-weasel-812520.hostingersite.com\/?page_id=7252","url":"https:\/\/maroon-weasel-812520.hostingersite.com\/?page_id=7252","name":"Politique de Retour et Remboursement - Maxi Ticket","isPartOf":{"@id":"https:\/\/maroon-weasel-812520.hostingersite.com\/#website"},"datePublished":"2023-05-22T15:40:50+00:00","dateModified":"2024-11-07T16:54:22+00:00","breadcrumb":{"@id":"https:\/\/maroon-weasel-812520.hostingersite.com\/?page_id=7252#breadcrumb"},"inLanguage":"fr-FR","potentialAction":[{"@type":"ReadAction","target":["https:\/\/maroon-weasel-812520.hostingersite.com\/?page_id=7252"]}]},{"@type":"BreadcrumbList","@id":"https:\/\/maroon-weasel-812520.hostingersite.com\/?page_id=7252#breadcrumb","itemListElement":[{"@type":"ListItem","position":1,"name":"Accueil","item":"https:\/\/maxi-billet.com\/"},{"@type":"ListItem","position":2,"name":"Politique de Retour et Remboursement"}]},{"@type":"WebSite","@id":"https:\/\/maroon-weasel-812520.hostingersite.com\/#website","url":"https:\/\/maroon-weasel-812520.hostingersite.com\/","name":"Maxi Ticket","description":"","publisher":{"@id":"https:\/\/maroon-weasel-812520.hostingersite.com\/#organization"},"potentialAction":[{"@type":"SearchAction","target":{"@type":"EntryPoint","urlTemplate":"https:\/\/maroon-weasel-812520.hostingersite.com\/?s={search_term_string}"},"query-input":{"@type":"PropertyValueSpecification","valueRequired":true,"valueName":"search_term_string"}}],"inLanguage":"fr-FR"},{"@type":"Organization","@id":"https:\/\/maroon-weasel-812520.hostingersite.com\/#organization","name":"Maxi Ticket","url":"https:\/\/maroon-weasel-812520.hostingersite.com\/","logo":{"@type":"ImageObject","inLanguage":"fr-FR","@id":"https:\/\/maroon-weasel-812520.hostingersite.com\/#\/schema\/logo\/image\/","url":"https:\/\/maxi-billet.com\/wp-content\/uploads\/2025\/06\/cropped-maxi-ticket-1.png","contentUrl":"https:\/\/maxi-billet.com\/wp-content\/uploads\/2025\/06\/cropped-maxi-ticket-1.png","width":1282,"height":299,"caption":"Maxi Ticket"},"image":{"@id":"https:\/\/maroon-weasel-812520.hostingersite.com\/#\/schema\/logo\/image\/"}}]}},"_links":{"self":[{"href":"https:\/\/maxi-billet.com\/index.php?rest_route=\/wp\/v2\/pages\/7252","targetHints":{"allow":["GET"]}}],"collection":[{"href":"https:\/\/maxi-billet.com\/index.php?rest_route=\/wp\/v2\/pages"}],"about":[{"href":"https:\/\/maxi-billet.com\/index.php?rest_route=\/wp\/v2\/types\/page"}],"author":[{"embeddable":true,"href":"https:\/\/maxi-billet.com\/index.php?rest_route=\/wp\/v2\/users\/1"}],"replies":[{"embeddable":true,"href":"https:\/\/maxi-billet.com\/index.php?rest_route=%2Fwp%2Fv2%2Fcomments&post=7252"}],"version-history":[{"count":3,"href":"https:\/\/maxi-billet.com\/index.php?rest_route=\/wp\/v2\/pages\/7252\/revisions"}],"predecessor-version":[{"id":10619,"href":"https:\/\/maxi-billet.com\/index.php?rest_route=\/wp\/v2\/pages\/7252\/revisions\/10619"}],"wp:attachment":[{"href":"https:\/\/maxi-billet.com\/index.php?rest_route=%2Fwp%2Fv2%2Fmedia&parent=7252"}],"curies":[{"name":"wp","href":"https:\/\/api.w.org\/{rel}","templated":true}]}}