{"id":7254,"date":"2023-05-22T17:42:35","date_gmt":"2023-05-22T15:42:35","guid":{"rendered":"https:\/\/espaceconfort-fr.com\/?page_id=7253"},"modified":"2025-06-17T14:22:36","modified_gmt":"2025-06-17T12:22:36","slug":"mentions-legales-cgu","status":"publish","type":"page","link":"https:\/\/maxi-billet.com\/?page_id=7254","title":{"rendered":"Mentions L\u00e9gales &amp; CGU"},"content":{"rendered":"\n<p>Pour toute information sur le fonctionnement du site, veuillez vous adresser \u00e0 : contact@maxi-billet.com<\/p>\n\n\n\n<p>Merci de lire avec attention les diff\u00e9rentes modalit\u00e9s d\u2019utilisation du pr\u00e9sent site avant d\u2019y parcourir ses pages. En vous connectant sur ce site, vous acceptez sans r\u00e9serves les pr\u00e9sentes modalit\u00e9s.<\/p>\n\n\n\n<p>Conditions d\u2019utilisation :<\/p>\n\n\n\n<p>Ce site (https:\/\/maxi-billet.com\/) est propos\u00e9 en diff\u00e9rents langages web (HTML, HTML5, Javascript, CSS, etc\u2026) pour un meilleur confort d&rsquo;utilisation et un graphisme plus agr\u00e9able, nous vous recommandons de recourir \u00e0 des navigateurs modernes comme Internet explorer, Safari, Firefox, Google Chrome, etc\u2026 l&rsquo;\u00e9quipe Maxi Ticket met en \u0153uvre tous les moyens dont elle dispose, pour assurer une information fiable et une mise \u00e0 jour fiable de ses sites internet. Toutefois, des erreurs ou omissions peuvent survenir. L&rsquo;internaute devra donc s&rsquo;assurer de l&rsquo;exactitude des informations et signaler toutes modifications du site qu&rsquo;il jugerait utile.<\/p>\n\n\n\n<p>Maxi Ticket n&rsquo;est en aucun cas responsable de l&rsquo;utilisation faite de ces informations, et de tout pr\u00e9judice direct ou indirect pouvant en d\u00e9couler.<\/p>\n\n\n\n<p>Cookies :<\/p>\n\n\n\n<p>Le site https:\/\/maxi-billet.com\/ peut-\u00eatre amen\u00e9 \u00e0 vous demander l\u2019acceptation des cookies pour des besoins de statistiques et d&rsquo;affichage. Un cookie est une information d\u00e9pos\u00e9e sur votre disque dur par le serveur du site que vous visitez. Il contient plusieurs donn\u00e9es qui sont stock\u00e9es sur votre ordinateur dans un simple fichier texte auquel un serveur acc\u00e8de pour lire et enregistrer des informations. Certaines parties de ce site ne peuvent \u00eatre fonctionnelles sans l\u2019acceptation de cookies.<\/p>\n\n\n\n<p>Liens hypertextes :<\/p>\n\n\n\n<p>Le site internet de https:\/\/maxi-billet.com\/ peut offrir des liens vers d\u2019autres sites internet ou d\u2019autres ressources disponibles sur Internet. Maxi Ticket ne dispose d&rsquo;aucun moyen pour contr\u00f4ler les sites en connexion avec ses sites internet. Maxi Ticket ne r\u00e9pond pas de la disponibilit\u00e9 de tels sites et sources externes, ni ne la garantit. Maxi Ticket ne peut \u00eatre tenu pour responsable de tout dommage, de quelque nature que ce soit, r\u00e9sultant du contenu de ces sites ou sources externes, et notamment des informations, produits ou services qu\u2019ils proposent, ou de tout usage qui peut \u00eatre fait de ces \u00e9l\u00e9ments. Les risques li\u00e9s \u00e0 cette utilisation incombent pleinement \u00e0 l&rsquo;internaute, qui doit se conformer \u00e0 leurs conditions d&rsquo;utilisation. Les utilisateurs, les abonn\u00e9s et les visiteurs des sites internet de ne peuvent mettre en place un hyperlien en direction de ce site sans l&rsquo;autorisation expresse et pr\u00e9alable de Maxi Ticket. Dans l&rsquo;hypoth\u00e8se o\u00f9 un utilisateur ou visiteur souhaiterait mettre en place un hyperlien en direction d\u2019un des sites internet de Maxi Ticket, il lui appartiendra d&rsquo;adresser un email accessible sur le site afin de formuler sa demande de mise en place d&rsquo;un hyperlien. Maxi Ticket se r\u00e9serve le droit d\u2019accepter ou de refuser un hyperlien sans avoir \u00e0 en justifier sa d\u00e9cision.<\/p>\n\n\n\n<p>Services fournis :<\/p>\n\n\n\n<p>L&rsquo;ensemble des activit\u00e9s de notre soci\u00e9t\u00e9 ainsi que ses informations sont pr\u00e9sent\u00e9s sur notre site https:\/\/maxi-billet.com\/. Maxi Ticket s\u2019efforce de fournir sur le site https:\/\/maxi-billet.com\/ des informations aussi pr\u00e9cises que possible. Les renseignements figurant sur le site ne sont pas exhaustifs et les photos non contractuelles. Ils sont donn\u00e9s sous r\u00e9serve de modifications ayant \u00e9t\u00e9 apport\u00e9es depuis leur mise en ligne. Par ailleurs, toutes les informations indiqu\u00e9es sur le site sont donn\u00e9es \u00e0 titre indicatif, et sont susceptibles de changer ou d\u2019\u00e9voluer sans pr\u00e9avis.<\/p>\n\n\n\n<p>Limitation contractuelle sur les donn\u00e9es :<\/p>\n\n\n\n<p>Les informations contenues sur ce site sont aussi pr\u00e9cises que possible et le site remis \u00e0 jour \u00e0 diff\u00e9rentes p\u00e9riodes de l\u2019ann\u00e9e, mais peut toutefois contenir des inexactitudes ou des omissions. Si vous constatez une lacune, erreur ou ce qui parait \u00eatre un dysfonctionnement, merci de bien vouloir le signaler par email, \u00e0 l\u2019adresse contact@maxi-billet.com en d\u00e9crivant le probl\u00e8me de la mani\u00e8re la plus pr\u00e9cise possible (page posant probl\u00e8me, type d\u2019ordinateur et de navigateur utilis\u00e9, \u2026). Tout contenu t\u00e9l\u00e9charg\u00e9 se fait aux risques et p\u00e9rils de l&rsquo;utilisateur et sous sa seule responsabilit\u00e9. En cons\u00e9quence, ne saurait \u00eatre tenu responsable d&rsquo;un quelconque dommage subi par l&rsquo;ordinateur de l&rsquo;utilisateur ou d&rsquo;une quelconque perte de donn\u00e9es cons\u00e9cutives au t\u00e9l\u00e9chargement. De plus, l\u2019utilisateur du site s\u2019engage \u00e0 acc\u00e9der au site en utilisant un mat\u00e9riel r\u00e9cent, ne contenant pas de virus et avec un navigateur de derni\u00e8re g\u00e9n\u00e9ration mis-\u00e0-jour. Les liens hypertextes mis en place dans le cadre du pr\u00e9sent site internet en direction d&rsquo;autres ressources pr\u00e9sentes sur le r\u00e9seau Internet ne sauraient engager la responsabilit\u00e9 de Maxi Ticket.<\/p>\n\n\n\n<p>Propri\u00e9t\u00e9 intellectuelle :<\/p>\n\n\n\n<p>Tout le contenu du pr\u00e9sent sur le site https:\/\/maxi-billet.com\/ incluant, de fa\u00e7on non limitative, les graphismes, images, textes, vid\u00e9os, animations, sons, logos, gifs et ic\u00f4nes ainsi que leur mise en forme sont la propri\u00e9t\u00e9 exclusive de la soci\u00e9t\u00e9 Maxi Ticket \u00e0 l&rsquo;exception des marques, logos ou contenus appartenant \u00e0 d&rsquo;autres soci\u00e9t\u00e9s partenaires ou auteurs. Toute reproduction, distribution, modification, adaptation, retransmission ou publication, m\u00eame partielle, de ces diff\u00e9rents \u00e9l\u00e9ments est strictement interdite sans notre accord expr\u00e8s par \u00e9crit. Cette repr\u00e9sentation ou reproduction, par quelque proc\u00e9d\u00e9 que ce soit, constitue une contrefa\u00e7on sanctionn\u00e9e. Le non-respect de cette interdiction constitue une contrefa\u00e7on pouvant engager la responsabilit\u00e9 civile et p\u00e9nale du contrefacteur. En outre, les propri\u00e9taires des Contenus copi\u00e9s pourraient intenter une action en justice \u00e0 votre encontre.<\/p>\n\n\n\n<p>Donn\u00e9es personnelles :<\/p>\n\n\n\n<p>De mani\u00e8re g\u00e9n\u00e9rale, vous n\u2019\u00eates pas tenu de nous communiquer vos donn\u00e9es personnelles lorsque vous visitez notre site Internet.<\/p>\n","protected":false},"excerpt":{"rendered":"<p>Pour toute information sur le fonctionnement du site, veuillez vous adresser \u00e0 : contact@maxi-billet.com Merci de lire avec attention les diff\u00e9rentes modalit\u00e9s d\u2019utilisation du pr\u00e9sent site avant d\u2019y parcourir ses pages. En vous connectant sur ce site, vous acceptez sans r\u00e9serves les pr\u00e9sentes modalit\u00e9s. Conditions d\u2019utilisation : Ce site (https:\/\/maxi-billet.com\/) est propos\u00e9 en diff\u00e9rents langages [&hellip;]<\/p>\n","protected":false},"author":1,"featured_media":0,"parent":0,"menu_order":0,"comment_status":"closed","ping_status":"closed","template":"","meta":{"inline_featured_image":false,"footnotes":""},"class_list":["post-7254","page","type-page","status-publish","hentry"],"yoast_head":"<!-- This site is optimized with the Yoast SEO plugin v23.7 - https:\/\/yoast.com\/wordpress\/plugins\/seo\/ -->\n<title>Mentions L\u00e9gales &amp; CGU - Maxi Ticket<\/title>\n<meta name=\"robots\" content=\"index, follow, max-snippet:-1, max-image-preview:large, max-video-preview:-1\" \/>\n<link rel=\"canonical\" href=\"https:\/\/maxi-billet.com\/?page_id=7254\" \/>\n<meta property=\"og:locale\" content=\"fr_FR\" \/>\n<meta property=\"og:type\" content=\"article\" \/>\n<meta property=\"og:title\" content=\"Mentions L\u00e9gales &amp; CGU - Maxi Ticket\" \/>\n<meta property=\"og:description\" content=\"Pour toute information sur le fonctionnement du site, veuillez vous adresser \u00e0 : contact@maxi-billet.com Merci de lire avec attention les diff\u00e9rentes modalit\u00e9s d\u2019utilisation du pr\u00e9sent site avant d\u2019y parcourir ses pages. En vous connectant sur ce site, vous acceptez sans r\u00e9serves les pr\u00e9sentes modalit\u00e9s. Conditions d\u2019utilisation : Ce site (https:\/\/maxi-billet.com\/) est propos\u00e9 en diff\u00e9rents langages [&hellip;]\" \/>\n<meta property=\"og:url\" content=\"https:\/\/maxi-billet.com\/?page_id=7254\" \/>\n<meta property=\"og:site_name\" content=\"Maxi Ticket\" \/>\n<meta property=\"article:modified_time\" content=\"2025-06-17T12:22:36+00:00\" \/>\n<meta name=\"twitter:card\" content=\"summary_large_image\" \/>\n<meta name=\"twitter:label1\" content=\"Dur\u00e9e de lecture estim\u00e9e\" \/>\n\t<meta name=\"twitter:data1\" content=\"5 minutes\" \/>\n<script type=\"application\/ld+json\" class=\"yoast-schema-graph\">{\"@context\":\"https:\/\/schema.org\",\"@graph\":[{\"@type\":\"WebPage\",\"@id\":\"https:\/\/maxi-billet.com\/?page_id=7254\",\"url\":\"https:\/\/maxi-billet.com\/?page_id=7254\",\"name\":\"Mentions L\u00e9gales &amp; CGU - Maxi Ticket\",\"isPartOf\":{\"@id\":\"https:\/\/maroon-weasel-812520.hostingersite.com\/#website\"},\"datePublished\":\"2023-05-22T15:42:35+00:00\",\"dateModified\":\"2025-06-17T12:22:36+00:00\",\"breadcrumb\":{\"@id\":\"https:\/\/maxi-billet.com\/?page_id=7254#breadcrumb\"},\"inLanguage\":\"fr-FR\",\"potentialAction\":[{\"@type\":\"ReadAction\",\"target\":[\"https:\/\/maxi-billet.com\/?page_id=7254\"]}]},{\"@type\":\"BreadcrumbList\",\"@id\":\"https:\/\/maxi-billet.com\/?page_id=7254#breadcrumb\",\"itemListElement\":[{\"@type\":\"ListItem\",\"position\":1,\"name\":\"Accueil\",\"item\":\"https:\/\/maxi-billet.com\/\"},{\"@type\":\"ListItem\",\"position\":2,\"name\":\"Mentions L\u00e9gales &amp; CGU\"}]},{\"@type\":\"WebSite\",\"@id\":\"https:\/\/maroon-weasel-812520.hostingersite.com\/#website\",\"url\":\"https:\/\/maroon-weasel-812520.hostingersite.com\/\",\"name\":\"Maxi Ticket\",\"description\":\"\",\"publisher\":{\"@id\":\"https:\/\/maroon-weasel-812520.hostingersite.com\/#organization\"},\"potentialAction\":[{\"@type\":\"SearchAction\",\"target\":{\"@type\":\"EntryPoint\",\"urlTemplate\":\"https:\/\/maroon-weasel-812520.hostingersite.com\/?s={search_term_string}\"},\"query-input\":{\"@type\":\"PropertyValueSpecification\",\"valueRequired\":true,\"valueName\":\"search_term_string\"}}],\"inLanguage\":\"fr-FR\"},{\"@type\":\"Organization\",\"@id\":\"https:\/\/maroon-weasel-812520.hostingersite.com\/#organization\",\"name\":\"Maxi Ticket\",\"url\":\"https:\/\/maroon-weasel-812520.hostingersite.com\/\",\"logo\":{\"@type\":\"ImageObject\",\"inLanguage\":\"fr-FR\",\"@id\":\"https:\/\/maroon-weasel-812520.hostingersite.com\/#\/schema\/logo\/image\/\",\"url\":\"https:\/\/maxi-billet.com\/wp-content\/uploads\/2025\/06\/cropped-maxi-ticket-1.png\",\"contentUrl\":\"https:\/\/maxi-billet.com\/wp-content\/uploads\/2025\/06\/cropped-maxi-ticket-1.png\",\"width\":1282,\"height\":299,\"caption\":\"Maxi Ticket\"},\"image\":{\"@id\":\"https:\/\/maroon-weasel-812520.hostingersite.com\/#\/schema\/logo\/image\/\"}}]}<\/script>\n<!-- \/ Yoast SEO plugin. -->","yoast_head_json":{"title":"Mentions L\u00e9gales &amp; CGU - Maxi Ticket","robots":{"index":"index","follow":"follow","max-snippet":"max-snippet:-1","max-image-preview":"max-image-preview:large","max-video-preview":"max-video-preview:-1"},"canonical":"https:\/\/maxi-billet.com\/?page_id=7254","og_locale":"fr_FR","og_type":"article","og_title":"Mentions L\u00e9gales &amp; CGU - Maxi Ticket","og_description":"Pour toute information sur le fonctionnement du site, veuillez vous adresser \u00e0 : contact@maxi-billet.com Merci de lire avec attention les diff\u00e9rentes modalit\u00e9s d\u2019utilisation du pr\u00e9sent site avant d\u2019y parcourir ses pages. En vous connectant sur ce site, vous acceptez sans r\u00e9serves les pr\u00e9sentes modalit\u00e9s. Conditions d\u2019utilisation : Ce site (https:\/\/maxi-billet.com\/) est propos\u00e9 en diff\u00e9rents langages [&hellip;]","og_url":"https:\/\/maxi-billet.com\/?page_id=7254","og_site_name":"Maxi Ticket","article_modified_time":"2025-06-17T12:22:36+00:00","twitter_card":"summary_large_image","twitter_misc":{"Dur\u00e9e de lecture estim\u00e9e":"5 minutes"},"schema":{"@context":"https:\/\/schema.org","@graph":[{"@type":"WebPage","@id":"https:\/\/maxi-billet.com\/?page_id=7254","url":"https:\/\/maxi-billet.com\/?page_id=7254","name":"Mentions L\u00e9gales &amp; CGU - Maxi Ticket","isPartOf":{"@id":"https:\/\/maroon-weasel-812520.hostingersite.com\/#website"},"datePublished":"2023-05-22T15:42:35+00:00","dateModified":"2025-06-17T12:22:36+00:00","breadcrumb":{"@id":"https:\/\/maxi-billet.com\/?page_id=7254#breadcrumb"},"inLanguage":"fr-FR","potentialAction":[{"@type":"ReadAction","target":["https:\/\/maxi-billet.com\/?page_id=7254"]}]},{"@type":"BreadcrumbList","@id":"https:\/\/maxi-billet.com\/?page_id=7254#breadcrumb","itemListElement":[{"@type":"ListItem","position":1,"name":"Accueil","item":"https:\/\/maxi-billet.com\/"},{"@type":"ListItem","position":2,"name":"Mentions L\u00e9gales &amp; CGU"}]},{"@type":"WebSite","@id":"https:\/\/maroon-weasel-812520.hostingersite.com\/#website","url":"https:\/\/maroon-weasel-812520.hostingersite.com\/","name":"Maxi Ticket","description":"","publisher":{"@id":"https:\/\/maroon-weasel-812520.hostingersite.com\/#organization"},"potentialAction":[{"@type":"SearchAction","target":{"@type":"EntryPoint","urlTemplate":"https:\/\/maroon-weasel-812520.hostingersite.com\/?s={search_term_string}"},"query-input":{"@type":"PropertyValueSpecification","valueRequired":true,"valueName":"search_term_string"}}],"inLanguage":"fr-FR"},{"@type":"Organization","@id":"https:\/\/maroon-weasel-812520.hostingersite.com\/#organization","name":"Maxi Ticket","url":"https:\/\/maroon-weasel-812520.hostingersite.com\/","logo":{"@type":"ImageObject","inLanguage":"fr-FR","@id":"https:\/\/maroon-weasel-812520.hostingersite.com\/#\/schema\/logo\/image\/","url":"https:\/\/maxi-billet.com\/wp-content\/uploads\/2025\/06\/cropped-maxi-ticket-1.png","contentUrl":"https:\/\/maxi-billet.com\/wp-content\/uploads\/2025\/06\/cropped-maxi-ticket-1.png","width":1282,"height":299,"caption":"Maxi Ticket"},"image":{"@id":"https:\/\/maroon-weasel-812520.hostingersite.com\/#\/schema\/logo\/image\/"}}]}},"_links":{"self":[{"href":"https:\/\/maxi-billet.com\/index.php?rest_route=\/wp\/v2\/pages\/7254","targetHints":{"allow":["GET"]}}],"collection":[{"href":"https:\/\/maxi-billet.com\/index.php?rest_route=\/wp\/v2\/pages"}],"about":[{"href":"https:\/\/maxi-billet.com\/index.php?rest_route=\/wp\/v2\/types\/page"}],"author":[{"embeddable":true,"href":"https:\/\/maxi-billet.com\/index.php?rest_route=\/wp\/v2\/users\/1"}],"replies":[{"embeddable":true,"href":"https:\/\/maxi-billet.com\/index.php?rest_route=%2Fwp%2Fv2%2Fcomments&post=7254"}],"version-history":[{"count":13,"href":"https:\/\/maxi-billet.com\/index.php?rest_route=\/wp\/v2\/pages\/7254\/revisions"}],"predecessor-version":[{"id":12226,"href":"https:\/\/maxi-billet.com\/index.php?rest_route=\/wp\/v2\/pages\/7254\/revisions\/12226"}],"wp:attachment":[{"href":"https:\/\/maxi-billet.com\/index.php?rest_route=%2Fwp%2Fv2%2Fmedia&parent=7254"}],"curies":[{"name":"wp","href":"https:\/\/api.w.org\/{rel}","templated":true}]}}