{"id":10163,"date":"2024-10-21T16:38:19","date_gmt":"2024-10-21T14:38:19","guid":{"rendered":"https:\/\/maxi-billet.com\/?post_type=product&#038;p=10163"},"modified":"2025-05-11T22:52:08","modified_gmt":"2025-05-11T20:52:08","slug":"indochine","status":"publish","type":"product","link":"https:\/\/maxi-billet.com\/?product=indochine","title":{"rendered":"INDOCHINE &#8211; ARENA TOUR"},"content":{"rendered":"\n<p>Indochine \u2013 <em>Arena Tour 2025<\/em><\/p>\n\n\n\n<p>Rejoignez-nous pour une exp\u00e9rience musicale inoubliable avec IIndochine lors de leur Arena Tour 2025 ! Avec des performances explosives et des mises en sc\u00e8ne impressionnantes, ce concert promet de vous transporter dans un univers vibrant et \u00e9lectrisant.<\/p>\n\n\n\n<p><strong>Dates et lieux :<\/strong><\/p>\n\n\n\n<ul class=\"wp-block-list\">\n<li><strong>3 juin 2025<\/strong> \u2013 Gayant Expo Concerts \u2013 Douai<br><strong>4 juin 2025<\/strong> \u2013 Gayant Expo Concerts \u2013 Douai<br><strong>6 juin 2025<\/strong> \u2013 Gayant Expo Concerts \u2013 Douai<br><strong>7 juin 2025<\/strong> \u2013 Gayant Expo Concerts \u2013 Douai<br><strong>10 juin 2025<\/strong> \u2013 Z\u00e9nith de Dijon \u2013 Dijon<br><strong>11 juin 2025<\/strong> \u2013 Z\u00e9nith de Dijon \u2013 Dijon<br><strong>13 juin 2025<\/strong> \u2013 Z\u00e9nith de Dijon \u2013 Dijon<br><strong>14 juin 2025<\/strong> \u2013 Z\u00e9nith de Dijon \u2013 Dijon<br><strong>17 juin 2025<\/strong> \u2013 Accor Arena \u2013 Paris<br><strong>18 juin 2025<\/strong> \u2013 Accor Arena \u2013 Paris<br><strong>20 juin 2025<\/strong> \u2013 Accor Arena \u2013 Paris<br><strong>21 juin 2025<\/strong> \u2013 Accor Arena \u2013 Paris<br><strong>3 juillet 2025<\/strong> \u2013 Groupama Stadium \u2013 D\u00e9cines-Charpieu<br><strong>5 juillet 2025<\/strong> \u2013 Stade de France \u2013 St-Denis<br><strong>6 juillet 2025<\/strong> \u2013 Stade de France \u2013 St-Denis<br><strong>23 juillet 2025<\/strong> \u2013 Decathlon Arena \u2013 Stade Pierre Mauroy \u2013 Villeneuve d\u2019Ascq<br><strong>10 octobre 2025<\/strong> \u2013 LDLC Arena \u2013 D\u00e9cines-Charpieu<br><strong>11 octobre 2025<\/strong> \u2013 LDLC Arena \u2013 D\u00e9cines-Charpieu<br><strong>17 octobre 2025<\/strong> \u2013 LDLC Arena \u2013 D\u00e9cines-Charpieu<br><strong>18 octobre 2025<\/strong> \u2013 LDLC Arena \u2013 D\u00e9cines-Charpieu<br><strong>24 octobre 2025<\/strong> \u2013 Z\u00e9nith de Toulouse M\u00e9tropole \u2013 Toulouse<br><strong>25 octobre 2025<\/strong> \u2013 Z\u00e9nith de Toulouse M\u00e9tropole \u2013 Toulouse<br><strong>31 octobre 2025<\/strong> \u2013 Z\u00e9nith de Dijon \u2013 Dijon<br><strong>1 novembre 2025<\/strong> \u2013 Z\u00e9nith de Dijon \u2013 Dijon<br><strong>7 novembre 2025<\/strong> \u2013 Orl\u00e9ans Arena \u2013 Orl\u00e9ans<br><strong>8 novembre 2025<\/strong> \u2013 Orl\u00e9ans Arena \u2013 Orl\u00e9ans<br><strong>14 novembre 2025<\/strong> \u2013 Z\u00e9nith d&rsquo;Auvergne \u2013 Cournon-d&rsquo;Auvergne<br><strong>15 novembre 2025<\/strong> \u2013 Z\u00e9nith d&rsquo;Auvergne \u2013 Cournon-d&rsquo;Auvergne<br><strong>21 novembre 2025<\/strong> \u2013 Z\u00e9nith de Rouen \u2013 Le Grand-Quevilly<br><strong>22 novembre 2025<\/strong> \u2013 Z\u00e9nith de Rouen \u2013 Le Grand-Quevilly<br><strong>28 novembre 2025<\/strong> \u2013 Z\u00e9nith de Nantes M\u00e9tropole \u2013 Saint-Herblain<br><strong>29 novembre 2025<\/strong> \u2013 Z\u00e9nith de Nantes M\u00e9tropole \u2013 Saint-Herblain<br><strong>5 d\u00e9cembre 2025<\/strong> \u2013 Ark\u00e9a Arena \u2013 Floirac<br><strong>6 d\u00e9cembre 2025<\/strong> \u2013 Ark\u00e9a Arena \u2013 Floirac<br><strong>19 d\u00e9cembre 2025<\/strong> \u2013 Gayant Expo Concerts \u2013 Douai<br><strong>20 d\u00e9cembre 2025<\/strong> \u2013 Gayant Expo Concerts \u2013 Douai<br><strong>6 f\u00e9vrier 2026<\/strong> \u2013 Le Millesium \u2013 \u00c9pernay<br><strong>7 f\u00e9vrier 2026<\/strong> \u2013 Le Millesium \u2013 \u00c9pernay<br><strong>13 f\u00e9vrier 2026<\/strong> \u2013 ING Arena \u2013 Bruxelles<br><strong>14 f\u00e9vrier 2026<\/strong> \u2013 ING Arena \u2013 Bruxelles<br><strong>20 f\u00e9vrier 2026<\/strong> \u2013 Z\u00e9nith de Strasbourg Europe \u2013 Eckbolsheim<br><strong>21 f\u00e9vrier 2026<\/strong> \u2013 Z\u00e9nith de Strasbourg Europe \u2013 Eckbolsheim<br><strong>27 f\u00e9vrier 2026<\/strong> \u2013 Accor Arena \u2013 Paris<br><strong>28 f\u00e9vrier 2026<\/strong> \u2013 Accor Arena \u2013 Paris<br><strong>3 mars 2026<\/strong> \u2013 Accor Arena \u2013 Paris<br><strong>4 mars 2026<\/strong> \u2013 Accor Arena \u2013 Paris<\/li>\n<\/ul>\n\n\n\n<p><strong>Cat\u00e9gories et tarifs :<\/strong><\/p>\n\n\n\n<ul class=\"wp-block-list\">\n<li>Cat\u00e9gorie 1 : 75\u20ac<\/li>\n\n\n\n<li>Fosse : 55\u20ac<\/li>\n<\/ul>\n\n\n\n<p>Ne manquez pas l\u2019occasion de vivre un show exceptionnel, en r\u00e9servant vos places parmi diff\u00e9rentes cat\u00e9gories pour un concert qui s&rsquo;annonce m\u00e9morable !<\/p>\n\n\n\n<h3 class=\"wp-block-heading\">Achetez vos billets en toute s\u00e9r\u00e9nit\u00e9 sur France Ticket<\/h3>\n\n\n\n<p>Chez France Ticket, nous nous engageons \u00e0 vous offrir une exp\u00e9rience d\u2019achat simple, s\u00e9curis\u00e9e et fiable. Voici pourquoi vous pouvez acheter vos billets en toute confiance :<\/p>\n\n\n\n<ul class=\"wp-block-list\">\n<li><strong>Authenticit\u00e9 garantie<\/strong> : Tous nos billets proviennent de sources officielles et sont 100% authentiques. Que ce soit pour des concerts, festivals ou \u00e9v\u00e9nements exclusifs, vous recevrez des billets valides pour chaque achat.<\/li>\n\n\n\n<li><strong>S\u00e9curit\u00e9 des transactions<\/strong> : Nos syst\u00e8mes de paiement sont enti\u00e8rement s\u00e9curis\u00e9s, garantissant la protection de vos informations personnelles et bancaires tout au long du processus d\u2019achat.<\/li>\n\n\n\n<li><strong>Satisfaction garantie<\/strong> : En cas de probl\u00e8me, notre service client est \u00e0 votre disposition pour r\u00e9pondre \u00e0 toutes vos questions et, si n\u00e9cessaire, organiser un remboursement rapide.<\/li>\n\n\n\n<li><strong>Engagement de transparence<\/strong> : Les informations sur nos \u00e9v\u00e9nements, lieux et tarifs sont mises \u00e0 jour r\u00e9guli\u00e8rement pour vous offrir une exp\u00e9rience fluide et sans surprise.<\/li>\n<\/ul>\n\n\n\n<p>Gr\u00e2ce \u00e0 ces engagements, vous pouvez acheter vos billets pour Imagine Dragons \u2013 <em>Loom World Tour<\/em> ou tout autre \u00e9v\u00e9nement en toute tranquillit\u00e9. Ne manquez pas l\u2019opportunit\u00e9 de vivre des moments inoubliables avec France Ticket !<br><a href=\"https:\/\/www.youpalo.com\/spa-gonflable-carre-ibiza-airjet-bestway-o-180-cm-h-66-cm?gad=1&amp;gclid=Cj0KCQjwmZejBhC_ARIsAGhCqnfbMoagAd09SoxTuKeZwxoJhPoVyCpFmujJ7YB9-N9mxa_0AEA25fkaAgUjEALw_wcB#description\"><\/a><\/p>\n\n\n\n<p><\/p>\n","protected":false},"excerpt":{"rendered":"<p>Indochine \u2013 Arena Tour 2025 Rejoignez-nous pour une exp\u00e9rience musicale inoubliable avec IIndochine lors de leur Arena Tour 2025 ! Avec des performances explosives et des mises en sc\u00e8ne impressionnantes, ce concert promet de vous transporter dans un univers vibrant et \u00e9lectrisant. Dates et lieux : Cat\u00e9gories et tarifs : Ne manquez pas l\u2019occasion de [&hellip;]<\/p>\n","protected":false},"featured_media":10240,"comment_status":"closed","ping_status":"closed","template":"","meta":{"inline_featured_image":false},"product_brand":[],"product_cat":[80],"product_tag":[],"class_list":{"0":"post-10163","1":"product","2":"type-product","3":"status-publish","4":"has-post-thumbnail","6":"product_cat-concerts","8":"first","9":"instock","10":"shipping-taxable","11":"purchasable","12":"product-type-variable","13":"has-default-attributes"},"yoast_head":"<!-- This site is optimized with the Yoast SEO plugin v23.7 - https:\/\/yoast.com\/wordpress\/plugins\/seo\/ -->\n<title>INDOCHINE - ARENA TOUR - Maxi Ticket<\/title>\n<meta name=\"robots\" content=\"index, follow, max-snippet:-1, max-image-preview:large, max-video-preview:-1\" \/>\n<link rel=\"canonical\" href=\"https:\/\/maxi-billet.com\/?product=indochine\" \/>\n<meta property=\"og:locale\" content=\"fr_FR\" \/>\n<meta property=\"og:type\" content=\"article\" \/>\n<meta property=\"og:title\" content=\"INDOCHINE - ARENA TOUR - Maxi Ticket\" \/>\n<meta property=\"og:description\" content=\"Indochine \u2013 Arena Tour 2025 Rejoignez-nous pour une exp\u00e9rience musicale inoubliable avec IIndochine lors de leur Arena Tour 2025 ! Avec des performances explosives et des mises en sc\u00e8ne impressionnantes, ce concert promet de vous transporter dans un univers vibrant et \u00e9lectrisant. Dates et lieux : Cat\u00e9gories et tarifs : Ne manquez pas l\u2019occasion de [&hellip;]\" \/>\n<meta property=\"og:url\" content=\"https:\/\/maxi-billet.com\/?product=indochine\" \/>\n<meta property=\"og:site_name\" content=\"Maxi Ticket\" \/>\n<meta property=\"article:modified_time\" content=\"2025-05-11T20:52:08+00:00\" \/>\n<meta property=\"og:image\" content=\"https:\/\/maxi-billet.com\/wp-content\/uploads\/2024\/10\/FullSizeRender_593f55b2-ac1a-498d-8bd3-67dcdc9e148b.webp\" \/>\n\t<meta property=\"og:image:width\" content=\"1178\" \/>\n\t<meta property=\"og:image:height\" content=\"1182\" \/>\n\t<meta property=\"og:image:type\" content=\"image\/webp\" \/>\n<meta name=\"twitter:card\" content=\"summary_large_image\" \/>\n<meta name=\"twitter:label1\" content=\"Dur\u00e9e de lecture estim\u00e9e\" \/>\n\t<meta name=\"twitter:data1\" content=\"4 minutes\" \/>\n<script type=\"application\/ld+json\" class=\"yoast-schema-graph\">{\"@context\":\"https:\/\/schema.org\",\"@graph\":[{\"@type\":\"WebPage\",\"@id\":\"https:\/\/maxi-billet.com\/?product=indochine\",\"url\":\"https:\/\/maxi-billet.com\/?product=indochine\",\"name\":\"INDOCHINE - ARENA TOUR - Maxi Ticket\",\"isPartOf\":{\"@id\":\"https:\/\/maroon-weasel-812520.hostingersite.com\/#website\"},\"primaryImageOfPage\":{\"@id\":\"https:\/\/maxi-billet.com\/?product=indochine#primaryimage\"},\"image\":{\"@id\":\"https:\/\/maxi-billet.com\/?product=indochine#primaryimage\"},\"thumbnailUrl\":\"https:\/\/maxi-billet.com\/wp-content\/uploads\/2024\/10\/FullSizeRender_593f55b2-ac1a-498d-8bd3-67dcdc9e148b.webp\",\"datePublished\":\"2024-10-21T14:38:19+00:00\",\"dateModified\":\"2025-05-11T20:52:08+00:00\",\"breadcrumb\":{\"@id\":\"https:\/\/maxi-billet.com\/?product=indochine#breadcrumb\"},\"inLanguage\":\"fr-FR\",\"potentialAction\":[{\"@type\":\"ReadAction\",\"target\":[\"https:\/\/maxi-billet.com\/?product=indochine\"]}]},{\"@type\":\"ImageObject\",\"inLanguage\":\"fr-FR\",\"@id\":\"https:\/\/maxi-billet.com\/?product=indochine#primaryimage\",\"url\":\"https:\/\/maxi-billet.com\/wp-content\/uploads\/2024\/10\/FullSizeRender_593f55b2-ac1a-498d-8bd3-67dcdc9e148b.webp\",\"contentUrl\":\"https:\/\/maxi-billet.com\/wp-content\/uploads\/2024\/10\/FullSizeRender_593f55b2-ac1a-498d-8bd3-67dcdc9e148b.webp\",\"width\":1178,\"height\":1182},{\"@type\":\"BreadcrumbList\",\"@id\":\"https:\/\/maxi-billet.com\/?product=indochine#breadcrumb\",\"itemListElement\":[{\"@type\":\"ListItem\",\"position\":1,\"name\":\"Accueil\",\"item\":\"https:\/\/maxi-billet.com\/\"},{\"@type\":\"ListItem\",\"position\":2,\"name\":\"Shop\",\"item\":\"https:\/\/maroon-weasel-812520.hostingersite.com\/?page_id=8\"},{\"@type\":\"ListItem\",\"position\":3,\"name\":\"INDOCHINE &#8211; ARENA TOUR\"}]},{\"@type\":\"WebSite\",\"@id\":\"https:\/\/maroon-weasel-812520.hostingersite.com\/#website\",\"url\":\"https:\/\/maroon-weasel-812520.hostingersite.com\/\",\"name\":\"Maxi Ticket\",\"description\":\"\",\"publisher\":{\"@id\":\"https:\/\/maroon-weasel-812520.hostingersite.com\/#organization\"},\"potentialAction\":[{\"@type\":\"SearchAction\",\"target\":{\"@type\":\"EntryPoint\",\"urlTemplate\":\"https:\/\/maroon-weasel-812520.hostingersite.com\/?s={search_term_string}\"},\"query-input\":{\"@type\":\"PropertyValueSpecification\",\"valueRequired\":true,\"valueName\":\"search_term_string\"}}],\"inLanguage\":\"fr-FR\"},{\"@type\":\"Organization\",\"@id\":\"https:\/\/maroon-weasel-812520.hostingersite.com\/#organization\",\"name\":\"Maxi Ticket\",\"url\":\"https:\/\/maroon-weasel-812520.hostingersite.com\/\",\"logo\":{\"@type\":\"ImageObject\",\"inLanguage\":\"fr-FR\",\"@id\":\"https:\/\/maroon-weasel-812520.hostingersite.com\/#\/schema\/logo\/image\/\",\"url\":\"https:\/\/maxi-billet.com\/wp-content\/uploads\/2025\/06\/cropped-maxi-ticket-1.png\",\"contentUrl\":\"https:\/\/maxi-billet.com\/wp-content\/uploads\/2025\/06\/cropped-maxi-ticket-1.png\",\"width\":1282,\"height\":299,\"caption\":\"Maxi Ticket\"},\"image\":{\"@id\":\"https:\/\/maroon-weasel-812520.hostingersite.com\/#\/schema\/logo\/image\/\"}}]}<\/script>\n<!-- \/ Yoast SEO plugin. -->","yoast_head_json":{"title":"INDOCHINE - ARENA TOUR - Maxi Ticket","robots":{"index":"index","follow":"follow","max-snippet":"max-snippet:-1","max-image-preview":"max-image-preview:large","max-video-preview":"max-video-preview:-1"},"canonical":"https:\/\/maxi-billet.com\/?product=indochine","og_locale":"fr_FR","og_type":"article","og_title":"INDOCHINE - ARENA TOUR - Maxi Ticket","og_description":"Indochine \u2013 Arena Tour 2025 Rejoignez-nous pour une exp\u00e9rience musicale inoubliable avec IIndochine lors de leur Arena Tour 2025 ! Avec des performances explosives et des mises en sc\u00e8ne impressionnantes, ce concert promet de vous transporter dans un univers vibrant et \u00e9lectrisant. Dates et lieux : Cat\u00e9gories et tarifs : Ne manquez pas l\u2019occasion de [&hellip;]","og_url":"https:\/\/maxi-billet.com\/?product=indochine","og_site_name":"Maxi Ticket","article_modified_time":"2025-05-11T20:52:08+00:00","og_image":[{"width":1178,"height":1182,"url":"https:\/\/maxi-billet.com\/wp-content\/uploads\/2024\/10\/FullSizeRender_593f55b2-ac1a-498d-8bd3-67dcdc9e148b.webp","type":"image\/webp"}],"twitter_card":"summary_large_image","twitter_misc":{"Dur\u00e9e de lecture estim\u00e9e":"4 minutes"},"schema":{"@context":"https:\/\/schema.org","@graph":[{"@type":"WebPage","@id":"https:\/\/maxi-billet.com\/?product=indochine","url":"https:\/\/maxi-billet.com\/?product=indochine","name":"INDOCHINE - ARENA TOUR - Maxi Ticket","isPartOf":{"@id":"https:\/\/maroon-weasel-812520.hostingersite.com\/#website"},"primaryImageOfPage":{"@id":"https:\/\/maxi-billet.com\/?product=indochine#primaryimage"},"image":{"@id":"https:\/\/maxi-billet.com\/?product=indochine#primaryimage"},"thumbnailUrl":"https:\/\/maxi-billet.com\/wp-content\/uploads\/2024\/10\/FullSizeRender_593f55b2-ac1a-498d-8bd3-67dcdc9e148b.webp","datePublished":"2024-10-21T14:38:19+00:00","dateModified":"2025-05-11T20:52:08+00:00","breadcrumb":{"@id":"https:\/\/maxi-billet.com\/?product=indochine#breadcrumb"},"inLanguage":"fr-FR","potentialAction":[{"@type":"ReadAction","target":["https:\/\/maxi-billet.com\/?product=indochine"]}]},{"@type":"ImageObject","inLanguage":"fr-FR","@id":"https:\/\/maxi-billet.com\/?product=indochine#primaryimage","url":"https:\/\/maxi-billet.com\/wp-content\/uploads\/2024\/10\/FullSizeRender_593f55b2-ac1a-498d-8bd3-67dcdc9e148b.webp","contentUrl":"https:\/\/maxi-billet.com\/wp-content\/uploads\/2024\/10\/FullSizeRender_593f55b2-ac1a-498d-8bd3-67dcdc9e148b.webp","width":1178,"height":1182},{"@type":"BreadcrumbList","@id":"https:\/\/maxi-billet.com\/?product=indochine#breadcrumb","itemListElement":[{"@type":"ListItem","position":1,"name":"Accueil","item":"https:\/\/maxi-billet.com\/"},{"@type":"ListItem","position":2,"name":"Shop","item":"https:\/\/maroon-weasel-812520.hostingersite.com\/?page_id=8"},{"@type":"ListItem","position":3,"name":"INDOCHINE &#8211; ARENA TOUR"}]},{"@type":"WebSite","@id":"https:\/\/maroon-weasel-812520.hostingersite.com\/#website","url":"https:\/\/maroon-weasel-812520.hostingersite.com\/","name":"Maxi Ticket","description":"","publisher":{"@id":"https:\/\/maroon-weasel-812520.hostingersite.com\/#organization"},"potentialAction":[{"@type":"SearchAction","target":{"@type":"EntryPoint","urlTemplate":"https:\/\/maroon-weasel-812520.hostingersite.com\/?s={search_term_string}"},"query-input":{"@type":"PropertyValueSpecification","valueRequired":true,"valueName":"search_term_string"}}],"inLanguage":"fr-FR"},{"@type":"Organization","@id":"https:\/\/maroon-weasel-812520.hostingersite.com\/#organization","name":"Maxi Ticket","url":"https:\/\/maroon-weasel-812520.hostingersite.com\/","logo":{"@type":"ImageObject","inLanguage":"fr-FR","@id":"https:\/\/maroon-weasel-812520.hostingersite.com\/#\/schema\/logo\/image\/","url":"https:\/\/maxi-billet.com\/wp-content\/uploads\/2025\/06\/cropped-maxi-ticket-1.png","contentUrl":"https:\/\/maxi-billet.com\/wp-content\/uploads\/2025\/06\/cropped-maxi-ticket-1.png","width":1282,"height":299,"caption":"Maxi Ticket"},"image":{"@id":"https:\/\/maroon-weasel-812520.hostingersite.com\/#\/schema\/logo\/image\/"}}]}},"_links":{"self":[{"href":"https:\/\/maxi-billet.com\/index.php?rest_route=\/wp\/v2\/product\/10163","targetHints":{"allow":["GET"]}}],"collection":[{"href":"https:\/\/maxi-billet.com\/index.php?rest_route=\/wp\/v2\/product"}],"about":[{"href":"https:\/\/maxi-billet.com\/index.php?rest_route=\/wp\/v2\/types\/product"}],"replies":[{"embeddable":true,"href":"https:\/\/maxi-billet.com\/index.php?rest_route=%2Fwp%2Fv2%2Fcomments&post=10163"}],"wp:featuredmedia":[{"embeddable":true,"href":"https:\/\/maxi-billet.com\/index.php?rest_route=\/wp\/v2\/media\/10240"}],"wp:attachment":[{"href":"https:\/\/maxi-billet.com\/index.php?rest_route=%2Fwp%2Fv2%2Fmedia&parent=10163"}],"wp:term":[{"taxonomy":"product_brand","embeddable":true,"href":"https:\/\/maxi-billet.com\/index.php?rest_route=%2Fwp%2Fv2%2Fproduct_brand&post=10163"},{"taxonomy":"product_cat","embeddable":true,"href":"https:\/\/maxi-billet.com\/index.php?rest_route=%2Fwp%2Fv2%2Fproduct_cat&post=10163"},{"taxonomy":"product_tag","embeddable":true,"href":"https:\/\/maxi-billet.com\/index.php?rest_route=%2Fwp%2Fv2%2Fproduct_tag&post=10163"}],"curies":[{"name":"wp","href":"https:\/\/api.w.org\/{rel}","templated":true}]}}