{"id":11975,"date":"2025-06-04T16:52:41","date_gmt":"2025-06-04T14:52:41","guid":{"rendered":"https:\/\/maxi-billet.com\/?post_type=product&#038;p=11975"},"modified":"2025-07-04T09:40:07","modified_gmt":"2025-07-04T07:40:07","slug":"lady-gaga-the-mayhem-ball-tour-2025","status":"publish","type":"product","link":"https:\/\/maxi-billet.com\/?product=lady-gaga-the-mayhem-ball-tour-2025","title":{"rendered":"Lady Gaga &#8211; The Mayhem Ball Tour 2025"},"content":{"rendered":"\n<p>\u2728 <strong>En concert exceptionnel \u00e0 Paris &amp; Lyon<\/strong><\/p>\n\n\n\n<p>Plonge dans l\u2019univers unique de Lady Gaga avec <em>The Mayhem Ball Tour 2025<\/em>, une tourn\u00e9e monumentale marquant son grand retour sur sc\u00e8ne en France ! Acclam\u00e9e pour ses shows spectaculaires, Lady Gaga revient plus th\u00e9\u00e2trale, plus immersive, et plus \u00e9lectrisante que jamais.<\/p>\n\n\n\n<hr class=\"wp-block-separator has-alpha-channel-opacity\"\/>\n\n\n\n<h3 class=\"wp-block-heading\">\ud83d\udccd <strong>Dates &amp; lieux des concerts en France<\/strong> :<\/h3>\n\n\n\n<p><strong>\ud83d\udccd Lyon \u2013 LDLC Arena<\/strong><\/p>\n\n\n\n<ul class=\"wp-block-list\">\n<li>Jeudi 13 novembre 2025<\/li>\n\n\n\n<li>Vendredi 14 novembre 2025<\/li>\n<\/ul>\n\n\n\n<p><strong>\ud83d\udccd Paris \u2013 Accor Arena<\/strong><\/p>\n\n\n\n<ul class=\"wp-block-list\">\n<li>Lundi 17 novembre 2025<\/li>\n\n\n\n<li>Mardi 18 novembre 2025<\/li>\n\n\n\n<li>Jeudi 20 novembre 2025<\/li>\n\n\n\n<li>Samedi 22 novembre 2025<\/li>\n<\/ul>\n\n\n\n<hr class=\"wp-block-separator has-alpha-channel-opacity\"\/>\n\n\n\n<h3 class=\"wp-block-heading\">\ud83c\udf9f\ufe0f <strong>Cat\u00e9gories de billets disponibles :<\/strong><\/h3>\n\n\n\n<ul class=\"wp-block-list\">\n<li><strong>CAT\u00c9GORIE 1<\/strong> : Places assises bien situ\u00e9es, g\u00e9n\u00e9ralement en face de la sc\u00e8ne.<\/li>\n\n\n\n<li><strong>CAT\u00c9GORIE 2<\/strong> : Places assises lat\u00e9rales avec bonne visibilit\u00e9.<\/li>\n\n\n\n<li><strong>CAT\u00c9GORIE 3<\/strong> : Places assises un peu plus \u00e9loign\u00e9es ou en hauteur.<\/li>\n\n\n\n<li><strong>CAT\u00c9GORIE 4<\/strong> : Places assises les plus \u00e9loign\u00e9es, souvent en haut des gradins.<\/li>\n\n\n\n<li><strong>Cat\u00e9gorie Or<\/strong> : Tr\u00e8s bonnes places assises avec excellente visibilit\u00e9, parfois au centre.<\/li>\n\n\n\n<li><strong>FOSSE<\/strong> : Acc\u00e8s debout dans la fosse, devant la sc\u00e8ne.<\/li>\n\n\n\n<li><strong>Fosse Or 1 &amp; Or 2<\/strong> : Acc\u00e8s debout prioritaire tout pr\u00e8s de la sc\u00e8ne, parfois en zones s\u00e9par\u00e9es.<\/li>\n<\/ul>\n\n\n\n<hr class=\"wp-block-separator has-alpha-channel-opacity\"\/>\n\n\n\n<h3 class=\"wp-block-heading\">\ud83d\udd25 <strong>Pourquoi ne pas manquer cet \u00e9v\u00e9nement ?<\/strong><\/h3>\n\n\n\n<ul class=\"wp-block-list\">\n<li>\ud83c\udfb6 Show exclusif autour de son nouvel album <em>Mayhem<\/em> (sorti en mars 2025)<\/li>\n\n\n\n<li>\ud83c\udfad Mise en sc\u00e8ne immersive jamais vue<\/li>\n\n\n\n<li>\u26a1 Moments cultes, tenues iconiques et une ambiance folle<\/li>\n\n\n\n<li>\ud83d\udca5 Concerts annonc\u00e9s complets tr\u00e8s rapidement !<\/li>\n<\/ul>\n\n\n\n<hr class=\"wp-block-separator has-alpha-channel-opacity\"\/>\n\n\n\n<h3 class=\"wp-block-heading\">\u23f3 <strong>Attention : Nombre de places limit\u00e9<\/strong><\/h3>\n\n\n\n<p>R\u00e9serve maintenant avant le <strong>SOLD OUT<\/strong>.<br>Offre valable uniquement dans la limite des stocks disponibles.<\/p>\n","protected":false},"excerpt":{"rendered":"<p><style>\n  .inline-rating {\n    display: inline-flex;\n    align-items: center;\n    margin: 0;\n    \/* Police Trustpilot (Proxima Nova) avec fallback vers Helvetica\/Arial *\/\n    font-family: 'Proxima Nova', 'Helvetica Neue', Helvetica, Arial, sans-serif;\n    font-weight: 600;\n    font-size: 16px;\n    line-height: 1;\n    \/* Couleur Trustpilot pour le texte *\/\n    color: #232528;\n  }\n  .inline-rating img {\n    margin-right: 8px; \/* espace entre l\u2019image et le texte *\/\n    display: inline-block;\n    vertical-align: middle;\n  }\n  .inline-rating a {\n    text-decoration: underline; \/* on souligne le texte *\/\n    color: inherit; \/* h\u00e9rite de #232528 *\/\n  }\n<\/style>\n<\/p>\n<h6 class=\"inline-rating\"><img decoding=\"async\" src=\"https:\/\/clapwaves.fr\/wp-content\/uploads\/2025\/06\/company-rating-3-300x72.png\" alt=\"\u00c9toiles Trustpilot\" width=\"92\" height=\"22\" \/> <a href=\"#\">407 avis<\/a><\/h6>\n","protected":false},"featured_media":12028,"comment_status":"closed","ping_status":"closed","template":"","meta":{"inline_featured_image":false},"product_brand":[],"product_cat":[80],"product_tag":[],"class_list":{"0":"post-11975","1":"product","2":"type-product","3":"status-publish","4":"has-post-thumbnail","6":"product_cat-concerts","8":"first","9":"instock","10":"shipping-taxable","11":"purchasable","12":"product-type-variable","13":"has-default-attributes"},"yoast_head":"<!-- This site is optimized with the Yoast SEO plugin v23.7 - https:\/\/yoast.com\/wordpress\/plugins\/seo\/ -->\n<title>Lady Gaga - The Mayhem Ball Tour 2025 - Maxi Ticket<\/title>\n<meta name=\"robots\" content=\"index, follow, max-snippet:-1, max-image-preview:large, max-video-preview:-1\" \/>\n<link rel=\"canonical\" href=\"https:\/\/maxi-billet.com\/?product=lady-gaga-the-mayhem-ball-tour-2025\" \/>\n<meta property=\"og:locale\" content=\"fr_FR\" \/>\n<meta property=\"og:type\" content=\"article\" \/>\n<meta property=\"og:title\" content=\"Lady Gaga - The Mayhem Ball Tour 2025 - Maxi Ticket\" \/>\n<meta property=\"og:description\" content=\"407 avis\" \/>\n<meta property=\"og:url\" content=\"https:\/\/maxi-billet.com\/?product=lady-gaga-the-mayhem-ball-tour-2025\" \/>\n<meta property=\"og:site_name\" content=\"Maxi Ticket\" \/>\n<meta property=\"article:modified_time\" content=\"2025-07-04T07:40:07+00:00\" \/>\n<meta property=\"og:image\" content=\"https:\/\/maxi-billet.com\/wp-content\/uploads\/2025\/06\/images.jpg\" \/>\n\t<meta property=\"og:image:width\" content=\"300\" \/>\n\t<meta property=\"og:image:height\" content=\"168\" \/>\n\t<meta property=\"og:image:type\" content=\"image\/jpeg\" \/>\n<meta name=\"twitter:card\" content=\"summary_large_image\" \/>\n<meta name=\"twitter:label1\" content=\"Dur\u00e9e de lecture estim\u00e9e\" \/>\n\t<meta name=\"twitter:data1\" content=\"2 minutes\" \/>\n<script type=\"application\/ld+json\" class=\"yoast-schema-graph\">{\"@context\":\"https:\/\/schema.org\",\"@graph\":[{\"@type\":\"WebPage\",\"@id\":\"https:\/\/maxi-billet.com\/?product=lady-gaga-the-mayhem-ball-tour-2025\",\"url\":\"https:\/\/maxi-billet.com\/?product=lady-gaga-the-mayhem-ball-tour-2025\",\"name\":\"Lady Gaga - The Mayhem Ball Tour 2025 - Maxi Ticket\",\"isPartOf\":{\"@id\":\"https:\/\/maroon-weasel-812520.hostingersite.com\/#website\"},\"primaryImageOfPage\":{\"@id\":\"https:\/\/maxi-billet.com\/?product=lady-gaga-the-mayhem-ball-tour-2025#primaryimage\"},\"image\":{\"@id\":\"https:\/\/maxi-billet.com\/?product=lady-gaga-the-mayhem-ball-tour-2025#primaryimage\"},\"thumbnailUrl\":\"https:\/\/maxi-billet.com\/wp-content\/uploads\/2025\/06\/images.jpg\",\"datePublished\":\"2025-06-04T14:52:41+00:00\",\"dateModified\":\"2025-07-04T07:40:07+00:00\",\"breadcrumb\":{\"@id\":\"https:\/\/maxi-billet.com\/?product=lady-gaga-the-mayhem-ball-tour-2025#breadcrumb\"},\"inLanguage\":\"fr-FR\",\"potentialAction\":[{\"@type\":\"ReadAction\",\"target\":[\"https:\/\/maxi-billet.com\/?product=lady-gaga-the-mayhem-ball-tour-2025\"]}]},{\"@type\":\"ImageObject\",\"inLanguage\":\"fr-FR\",\"@id\":\"https:\/\/maxi-billet.com\/?product=lady-gaga-the-mayhem-ball-tour-2025#primaryimage\",\"url\":\"https:\/\/maxi-billet.com\/wp-content\/uploads\/2025\/06\/images.jpg\",\"contentUrl\":\"https:\/\/maxi-billet.com\/wp-content\/uploads\/2025\/06\/images.jpg\",\"width\":300,\"height\":168},{\"@type\":\"BreadcrumbList\",\"@id\":\"https:\/\/maxi-billet.com\/?product=lady-gaga-the-mayhem-ball-tour-2025#breadcrumb\",\"itemListElement\":[{\"@type\":\"ListItem\",\"position\":1,\"name\":\"Accueil\",\"item\":\"https:\/\/maxi-billet.com\/\"},{\"@type\":\"ListItem\",\"position\":2,\"name\":\"Shop\",\"item\":\"https:\/\/maroon-weasel-812520.hostingersite.com\/?page_id=8\"},{\"@type\":\"ListItem\",\"position\":3,\"name\":\"Lady Gaga &#8211; The Mayhem Ball Tour 2025\"}]},{\"@type\":\"WebSite\",\"@id\":\"https:\/\/maroon-weasel-812520.hostingersite.com\/#website\",\"url\":\"https:\/\/maroon-weasel-812520.hostingersite.com\/\",\"name\":\"Maxi Ticket\",\"description\":\"\",\"publisher\":{\"@id\":\"https:\/\/maroon-weasel-812520.hostingersite.com\/#organization\"},\"potentialAction\":[{\"@type\":\"SearchAction\",\"target\":{\"@type\":\"EntryPoint\",\"urlTemplate\":\"https:\/\/maroon-weasel-812520.hostingersite.com\/?s={search_term_string}\"},\"query-input\":{\"@type\":\"PropertyValueSpecification\",\"valueRequired\":true,\"valueName\":\"search_term_string\"}}],\"inLanguage\":\"fr-FR\"},{\"@type\":\"Organization\",\"@id\":\"https:\/\/maroon-weasel-812520.hostingersite.com\/#organization\",\"name\":\"Maxi Ticket\",\"url\":\"https:\/\/maroon-weasel-812520.hostingersite.com\/\",\"logo\":{\"@type\":\"ImageObject\",\"inLanguage\":\"fr-FR\",\"@id\":\"https:\/\/maroon-weasel-812520.hostingersite.com\/#\/schema\/logo\/image\/\",\"url\":\"https:\/\/maxi-billet.com\/wp-content\/uploads\/2025\/06\/cropped-maxi-ticket-1.png\",\"contentUrl\":\"https:\/\/maxi-billet.com\/wp-content\/uploads\/2025\/06\/cropped-maxi-ticket-1.png\",\"width\":1282,\"height\":299,\"caption\":\"Maxi Ticket\"},\"image\":{\"@id\":\"https:\/\/maroon-weasel-812520.hostingersite.com\/#\/schema\/logo\/image\/\"}}]}<\/script>\n<!-- \/ Yoast SEO plugin. -->","yoast_head_json":{"title":"Lady Gaga - The Mayhem Ball Tour 2025 - Maxi Ticket","robots":{"index":"index","follow":"follow","max-snippet":"max-snippet:-1","max-image-preview":"max-image-preview:large","max-video-preview":"max-video-preview:-1"},"canonical":"https:\/\/maxi-billet.com\/?product=lady-gaga-the-mayhem-ball-tour-2025","og_locale":"fr_FR","og_type":"article","og_title":"Lady Gaga - The Mayhem Ball Tour 2025 - Maxi Ticket","og_description":"407 avis","og_url":"https:\/\/maxi-billet.com\/?product=lady-gaga-the-mayhem-ball-tour-2025","og_site_name":"Maxi Ticket","article_modified_time":"2025-07-04T07:40:07+00:00","og_image":[{"width":300,"height":168,"url":"https:\/\/maxi-billet.com\/wp-content\/uploads\/2025\/06\/images.jpg","type":"image\/jpeg"}],"twitter_card":"summary_large_image","twitter_misc":{"Dur\u00e9e de lecture estim\u00e9e":"2 minutes"},"schema":{"@context":"https:\/\/schema.org","@graph":[{"@type":"WebPage","@id":"https:\/\/maxi-billet.com\/?product=lady-gaga-the-mayhem-ball-tour-2025","url":"https:\/\/maxi-billet.com\/?product=lady-gaga-the-mayhem-ball-tour-2025","name":"Lady Gaga - The Mayhem Ball Tour 2025 - Maxi Ticket","isPartOf":{"@id":"https:\/\/maroon-weasel-812520.hostingersite.com\/#website"},"primaryImageOfPage":{"@id":"https:\/\/maxi-billet.com\/?product=lady-gaga-the-mayhem-ball-tour-2025#primaryimage"},"image":{"@id":"https:\/\/maxi-billet.com\/?product=lady-gaga-the-mayhem-ball-tour-2025#primaryimage"},"thumbnailUrl":"https:\/\/maxi-billet.com\/wp-content\/uploads\/2025\/06\/images.jpg","datePublished":"2025-06-04T14:52:41+00:00","dateModified":"2025-07-04T07:40:07+00:00","breadcrumb":{"@id":"https:\/\/maxi-billet.com\/?product=lady-gaga-the-mayhem-ball-tour-2025#breadcrumb"},"inLanguage":"fr-FR","potentialAction":[{"@type":"ReadAction","target":["https:\/\/maxi-billet.com\/?product=lady-gaga-the-mayhem-ball-tour-2025"]}]},{"@type":"ImageObject","inLanguage":"fr-FR","@id":"https:\/\/maxi-billet.com\/?product=lady-gaga-the-mayhem-ball-tour-2025#primaryimage","url":"https:\/\/maxi-billet.com\/wp-content\/uploads\/2025\/06\/images.jpg","contentUrl":"https:\/\/maxi-billet.com\/wp-content\/uploads\/2025\/06\/images.jpg","width":300,"height":168},{"@type":"BreadcrumbList","@id":"https:\/\/maxi-billet.com\/?product=lady-gaga-the-mayhem-ball-tour-2025#breadcrumb","itemListElement":[{"@type":"ListItem","position":1,"name":"Accueil","item":"https:\/\/maxi-billet.com\/"},{"@type":"ListItem","position":2,"name":"Shop","item":"https:\/\/maroon-weasel-812520.hostingersite.com\/?page_id=8"},{"@type":"ListItem","position":3,"name":"Lady Gaga &#8211; The Mayhem Ball Tour 2025"}]},{"@type":"WebSite","@id":"https:\/\/maroon-weasel-812520.hostingersite.com\/#website","url":"https:\/\/maroon-weasel-812520.hostingersite.com\/","name":"Maxi Ticket","description":"","publisher":{"@id":"https:\/\/maroon-weasel-812520.hostingersite.com\/#organization"},"potentialAction":[{"@type":"SearchAction","target":{"@type":"EntryPoint","urlTemplate":"https:\/\/maroon-weasel-812520.hostingersite.com\/?s={search_term_string}"},"query-input":{"@type":"PropertyValueSpecification","valueRequired":true,"valueName":"search_term_string"}}],"inLanguage":"fr-FR"},{"@type":"Organization","@id":"https:\/\/maroon-weasel-812520.hostingersite.com\/#organization","name":"Maxi Ticket","url":"https:\/\/maroon-weasel-812520.hostingersite.com\/","logo":{"@type":"ImageObject","inLanguage":"fr-FR","@id":"https:\/\/maroon-weasel-812520.hostingersite.com\/#\/schema\/logo\/image\/","url":"https:\/\/maxi-billet.com\/wp-content\/uploads\/2025\/06\/cropped-maxi-ticket-1.png","contentUrl":"https:\/\/maxi-billet.com\/wp-content\/uploads\/2025\/06\/cropped-maxi-ticket-1.png","width":1282,"height":299,"caption":"Maxi Ticket"},"image":{"@id":"https:\/\/maroon-weasel-812520.hostingersite.com\/#\/schema\/logo\/image\/"}}]}},"_links":{"self":[{"href":"https:\/\/maxi-billet.com\/index.php?rest_route=\/wp\/v2\/product\/11975","targetHints":{"allow":["GET"]}}],"collection":[{"href":"https:\/\/maxi-billet.com\/index.php?rest_route=\/wp\/v2\/product"}],"about":[{"href":"https:\/\/maxi-billet.com\/index.php?rest_route=\/wp\/v2\/types\/product"}],"replies":[{"embeddable":true,"href":"https:\/\/maxi-billet.com\/index.php?rest_route=%2Fwp%2Fv2%2Fcomments&post=11975"}],"wp:featuredmedia":[{"embeddable":true,"href":"https:\/\/maxi-billet.com\/index.php?rest_route=\/wp\/v2\/media\/12028"}],"wp:attachment":[{"href":"https:\/\/maxi-billet.com\/index.php?rest_route=%2Fwp%2Fv2%2Fmedia&parent=11975"}],"wp:term":[{"taxonomy":"product_brand","embeddable":true,"href":"https:\/\/maxi-billet.com\/index.php?rest_route=%2Fwp%2Fv2%2Fproduct_brand&post=11975"},{"taxonomy":"product_cat","embeddable":true,"href":"https:\/\/maxi-billet.com\/index.php?rest_route=%2Fwp%2Fv2%2Fproduct_cat&post=11975"},{"taxonomy":"product_tag","embeddable":true,"href":"https:\/\/maxi-billet.com\/index.php?rest_route=%2Fwp%2Fv2%2Fproduct_tag&post=11975"}],"curies":[{"name":"wp","href":"https:\/\/api.w.org\/{rel}","templated":true}]}}